{"id":36,"date":"2016-09-20T19:03:17","date_gmt":"2016-09-20T17:03:17","guid":{"rendered":"http:\/\/www.schmitt-physio.de\/wp\/?page_id=36"},"modified":"2022-04-26T19:22:59","modified_gmt":"2022-04-26T17:22:59","slug":"leistungen","status":"publish","type":"page","link":"https:\/\/www.schmitt-physio.de\/index.php\/leistungen\/","title":{"rendered":"Leistungen"},"content":{"rendered":"<h1>Unsere Leistungen im \u00dcberblick<\/h1>\n<p>Selbstverst\u00e4ndlich erbringen wir unsere Leistungen f\u00fcr alle gesetzlichen sowie privaten Krankenkassen.<br \/>\n<div class=\"su-spoiler su-spoiler-style-default su-spoiler-icon-plus my-custom-spoiler su-spoiler-closed\" data-scroll-offset=\"0\" data-anchor-in-url=\"no\"><div class=\"su-spoiler-title\" tabindex=\"0\" role=\"button\"><span class=\"su-spoiler-icon\"><\/span>Krankengymnastik<\/div><div class=\"su-spoiler-content su-u-clearfix su-u-trim\">\nauch <strong>Physiotherapie<\/strong> genannt, ist eine Form spezifischen Trainings und der \u00e4u\u00dferlichen Anwendung von Heilmitteln, mit der vor allem die Bewegungs- und Funktionsf\u00e4higkeit des menschlichen K\u00f6rpers wiederhergestellt, verbessert oder erhalten werden soll.<br \/>\n<\/div><\/div>\n<div class=\"su-spoiler su-spoiler-style-default su-spoiler-icon-plus my-custom-spoiler su-spoiler-closed\" data-scroll-offset=\"0\" data-anchor-in-url=\"no\"><div class=\"su-spoiler-title\" tabindex=\"0\" role=\"button\"><span class=\"su-spoiler-icon\"><\/span>Kiefergelenksbehandlung \/ CMD<\/div><div class=\"su-spoiler-content su-u-clearfix su-u-trim\">\nist ein \u00dcberbegriff f\u00fcr strukturelle, funktionelle, biochemische und psychische Fehlregulationen der Muskel- oder Gelenkfunktion der Kiefergelenke.<br \/>\n<strong>&#8222;CMD&#8220; verursacht nicht in allen F\u00e4llen Schmerzen, es kann sich auch im Alltag bemerkbar machen durch:<\/strong><br \/>\n<div class=\"su-list\" style=\"margin-left:0px\">\n<ul>\n<li><i class=\"sui sui-arrow-circle-right\" style=\"color:#9d9263\"><\/i> Schwindelgef\u00fchle<\/li>\n<li><i class=\"sui sui-arrow-circle-right\" style=\"color:#9d9263\"><\/i> Kopfschmerzen<\/li>\n<li><i class=\"sui sui-arrow-circle-right\" style=\"color:#9d9263\"><\/i> Lichtempfindlichkeit<\/li>\n<li><i class=\"sui sui-arrow-circle-right\" style=\"color:#9d9263\"><\/i> Panikattacken (Herzrasen) und<\/li>\n<li><i class=\"sui sui-arrow-circle-right\" style=\"color:#9d9263\"><\/i> Stress<\/div><\/div><\/div><\/li>\n<\/ul>\n<div class=\"su-spoiler su-spoiler-style-default su-spoiler-icon-plus my-custom-spoiler su-spoiler-closed\" data-scroll-offset=\"0\" data-anchor-in-url=\"no\"><div class=\"su-spoiler-title\" tabindex=\"0\" role=\"button\"><span class=\"su-spoiler-icon\"><\/span>Massage<\/div><div class=\"su-spoiler-content su-u-clearfix su-u-trim\">\ndient zur mechanischen Beeinflussung von Haut, Bindegewebe und Muskulatur durch Dehnungs-, Zug- und Druckreiz. Die Wirkung der Massage erstreckt sich von der behandelten Stelle des K\u00f6rpers \u00fcber den gesamten Organismus.<br \/>\n<\/div><\/div>\n<div class=\"su-spoiler su-spoiler-style-default su-spoiler-icon-plus my-custom-spoiler su-spoiler-closed\" data-scroll-offset=\"0\" data-anchor-in-url=\"no\"><div class=\"su-spoiler-title\" tabindex=\"0\" role=\"button\"><span class=\"su-spoiler-icon\"><\/span>W\u00e4rme- und Eisanwendung<\/div><div class=\"su-spoiler-content su-u-clearfix su-u-trim\">\nW\u00e4rmebehandlungen werden meist vor einer Massage durchgef\u00fchrt, dadurch wird die Massage in ihrer Wirkung unterst\u00fctzt und verst\u00e4rkt.<br \/>\n<strong>Beispiele daf\u00fcr sind:<\/strong><div class=\"su-list\" style=\"margin-left:0px\">\n<ul>\n<li><i class=\"sui sui-arrow-circle-right\" style=\"color:#9d9263\"><\/i> Rotlicht oder Hei\u00dfluft: Bestrahlung des K\u00f6rpers mit Infrarotstrahlern (W\u00e4rmestrahlung). Wird angewendet bei schmerzhaften Muskelverspannungen.<\/li>\n<li><i class=\"sui sui-arrow-circle-right\" style=\"color:#9d9263\"><\/i> Fango \/ Moorflies: Behandlung mit auf ca. 60-70\u00b0C erw\u00e4rmten, mineralhaltigem Heilschlamm. Besonders geeignet zur Behandlung von rheumatischen Beschwerden und Verspannungen.<\/div>Die Eisanwendung dient der Therapie und kann abschwellende, schmerzlindernde\u00a0 und entz\u00fcndungshemmende Wirkungen haben.<\/li>\n<\/ul>\n<\/div><\/div>\n<div class=\"su-spoiler su-spoiler-style-default su-spoiler-icon-plus my-custom-spoiler su-spoiler-closed\" data-scroll-offset=\"0\" data-anchor-in-url=\"no\"><div class=\"su-spoiler-title\" tabindex=\"0\" role=\"button\"><span class=\"su-spoiler-icon\"><\/span>Lymphdrainage<\/div><div class=\"su-spoiler-content su-u-clearfix su-u-trim\">\nist eine Form der physikalischen Therapie und Bestandteil der Komplexen Entstauungstherapie der Lymphtherapie. Ihre Anwendungsgebiete sind breit gef\u00e4chert.<br \/>\n<strong>Sie dient vor allem als<br \/>\nEntstauungstherapie \u00f6demat\u00f6ser K\u00f6rperregionen, wie K\u00f6rperstamm und Extremit\u00e4ten (Arme und Beine) welche nach Traumata oder Operationen entstehen k\u00f6nnen.<br \/>\n<\/strong>Besonders h\u00e4ufig wird diese Therapie nach einer Tumorbehandlung bzw. Lymphknotenentfernung verschrieben.<strong><br \/>\n<\/strong><\/div><\/div>\n<div class=\"su-spoiler su-spoiler-style-default su-spoiler-icon-plus my-custom-spoiler su-spoiler-closed\" data-scroll-offset=\"0\" data-anchor-in-url=\"no\"><div class=\"su-spoiler-title\" tabindex=\"0\" role=\"button\"><span class=\"su-spoiler-icon\"><\/span>Manuelle Therapie<\/div><div class=\"su-spoiler-content su-u-clearfix su-u-trim\">\nDie Manuelle Therapie ist ein Behandlungsansatz, bei dem Funktionsst\u00f6rungen des Bewegungsapparates untersucht und behandelt werden.<br \/>\nGrundlage der Manuellen Therapie sind spezielle Handgriff- und Mobilisationstechniken, bei denen Schmerzen gelindert und Bewegungsst\u00f6rungen beseitigt werden.<br \/>\nDie Manuelle Therapie bedient sich sowohl passiver Techniken als auch aktiver \u00dcbungen. Zum einen werden blockierte oder eingeschr\u00e4nkte Gelenke von geschulten Physiotherapeuten mithilfe sanfter Techniken mobilisiert, zum anderen k\u00f6nnen durch individuelle \u00dcbungen instabile Gelenke stabilisiert werden.<strong><br \/>\n<strong>Ziel des Behandlungskonzeptes:<\/strong><br \/>\n<div class=\"su-list\" style=\"margin-left:0px\"><\/strong><\/p>\n<ul>\n<li><i class=\"sui sui-arrow-circle-right\" style=\"color:#9d9263\"><\/i> Wiederherstellung des Zusammenspieles zwischen Gelenken, Muskeln und Nerven.<\/li>\n<\/ul>\n<\/div>\n<\/div><\/div>\n<div class=\"su-spoiler su-spoiler-style-default su-spoiler-icon-plus my-custom-spoiler su-spoiler-closed\" data-scroll-offset=\"0\" data-anchor-in-url=\"no\"><div class=\"su-spoiler-title\" tabindex=\"0\" role=\"button\"><span class=\"su-spoiler-icon\"><\/span>KinesioTape<\/div><div class=\"su-spoiler-content su-u-clearfix su-u-trim\">\nBei einem kinesiologischen Tape handelt es sich um ein elastisches, selbstklebendes, therapeutisches Band aus einem dehnbaren, textilen Material, auf das ein Polyacrylatkleber aufgebracht ist.<\/p>\n<p><strong>Unter Anwendung spezieller, unterschiedlicher Techniken wird dieses Tape auf die Haut aufgebracht und soll dort unterschiedliche Wirkungen erzielen:<\/strong><br \/>\n<div class=\"su-list\" style=\"margin-left:0px\">\n<ul>\n<li><i class=\"sui sui-arrow-circle-right\" style=\"color:#9d9263\"><\/i> Detonisierend \/ entspannend<\/li>\n<li><i class=\"sui sui-arrow-circle-right\" style=\"color:#9d9263\"><\/i> Tonisierend \/ stabilisierend<\/li>\n<li><i class=\"sui sui-arrow-circle-right\" style=\"color:#9d9263\"><\/i> Entstauend \/ Verbesserung des Lymphabflusses<\/div><\/li>\n<\/ul>\n<p><strong>Anwendungsgebiete sind unter anderem:<\/strong><br \/>\n<div class=\"su-list\" style=\"margin-left:0px\">\n<ul>\n<li><i class=\"sui sui-arrow-circle-right\" style=\"color:#9d9263\"><\/i> muskul\u00e4re Beschwerden wie Muskelzerrungen, Muskelfaserrisse, \u00dcberdehnungen, Myogelosen (Verh\u00e4rtungen in der Muskulatur), etc.<\/li>\n<li><i class=\"sui sui-arrow-circle-right\" style=\"color:#9d9263\"><\/i> Golfer- und Tennisellenbogen<\/li>\n<li><i class=\"sui sui-arrow-circle-right\" style=\"color:#9d9263\"><\/i> Impingement der Schulter<\/li>\n<li><i class=\"sui sui-arrow-circle-right\" style=\"color:#9d9263\"><\/i> Lumbalgie \/ R\u00fcckenschmerzen<\/li>\n<li><i class=\"sui sui-arrow-circle-right\" style=\"color:#9d9263\"><\/i> Narbenbehandlung<\/li>\n<li><i class=\"sui sui-arrow-circle-right\" style=\"color:#9d9263\"><\/i> Achillodynien (chronischen Achillessehnenbeschwerden)<\/li>\n<li><i class=\"sui sui-arrow-circle-right\" style=\"color:#9d9263\"><\/i> Zur Verbesserung des Lymphabflusses zum Beispiel nach gro\u00dfen Operationen:\n<ul>\n<li><i class=\"sui sui-arrow-circle-right\" style=\"color:#9d9263\"><\/i> H\u00fcft-TEP (H\u00fcft-Totalendoprothese) neues H\u00fcftgelenk<\/li>\n<li><i class=\"sui sui-arrow-circle-right\" style=\"color:#9d9263\"><\/i> Knie-TEP (Knietotalendoprothese) neues Kniegelenk<\/li>\n<\/ul>\n<\/li>\n<\/ul>\n<\/div>\n<\/div><\/div>\n<div class=\"su-spoiler su-spoiler-style-default su-spoiler-icon-plus my-custom-spoiler su-spoiler-closed\" data-scroll-offset=\"0\" data-anchor-in-url=\"no\"><div class=\"su-spoiler-title\" tabindex=\"0\" role=\"button\"><span class=\"su-spoiler-icon\"><\/span>Neurologische Krankengymnastik (PNF)<\/div><div class=\"su-spoiler-content su-u-clearfix su-u-trim\">\nDie neurologische Krankengymnastik ist eine spezielle Form der Physiotherapie und wird nur bei Erkrankungen, die das zentrale Nervensystem betreffen, angewendet.<\/p>\n<p>Ziel dieser Therapieform ist die Verbesserung des Bewegungsablaufes,<br \/>\nwas durch ein optimales Zusammenspiel von Muskulatur und Nerven geschieht.<\/p>\n<p>Durch spezielle Techniken und Reize auf die Muskulatur werden die Bewegungsabl\u00e4ufe gef\u00f6rdert.<br \/>\n<\/div><\/div>\n<div class=\"su-spoiler su-spoiler-style-default su-spoiler-icon-plus my-custom-spoiler su-spoiler-closed\" data-scroll-offset=\"0\" data-anchor-in-url=\"no\"><div class=\"su-spoiler-title\" tabindex=\"0\" role=\"button\"><span class=\"su-spoiler-icon\"><\/span>Medical Flossing<\/div><div class=\"su-spoiler-content su-u-clearfix su-u-trim\">\nFlossing bezeichnet das relativ stramme Umwickeln von Extremit\u00e4tengelenken oder -teilen mittels eines speziell daf\u00fcr entwickelten Gummibandes und einer speziellen Applikationstechnik.<br \/>\nEs l\u00e4sst sich in nahezu alle \u00fcblichen Therapie-Methoden integrieren!<br \/>\n<strong>Quelle: <\/strong><a href=\"http:\/\/www.medical-flossing.de\/was_ist_flossing.html\" target=\"_blank\" rel=\"noopener noreferrer\"> http:\/\/www.medical-flossing.de\/was_ist_flossing.html<\/a><br \/>\n<\/div><\/div>\n<div class=\"su-spoiler su-spoiler-style-default su-spoiler-icon-plus my-custom-spoiler su-spoiler-closed\" data-scroll-offset=\"0\" data-anchor-in-url=\"no\"><div class=\"su-spoiler-title\" tabindex=\"0\" role=\"button\"><span class=\"su-spoiler-icon\"><\/span>Geschenkgutscheine<\/div><div class=\"su-spoiler-content su-u-clearfix su-u-trim\">f\u00fcr Massage<\/div><\/div>\n","protected":false},"excerpt":{"rendered":"<p>Unsere Leistungen im \u00dcberblick Selbstverst\u00e4ndlich erbringen wir unsere Leistungen f\u00fcr alle gesetzlichen sowie privaten Krankenkassen.<\/p>\n","protected":false},"author":1,"featured_media":0,"parent":0,"menu_order":0,"comment_status":"closed","ping_status":"closed","template":"","meta":{"footnotes":""},"_links":{"self":[{"href":"https:\/\/www.schmitt-physio.de\/index.php\/wp-json\/wp\/v2\/pages\/36"}],"collection":[{"href":"https:\/\/www.schmitt-physio.de\/index.php\/wp-json\/wp\/v2\/pages"}],"about":[{"href":"https:\/\/www.schmitt-physio.de\/index.php\/wp-json\/wp\/v2\/types\/page"}],"author":[{"embeddable":true,"href":"https:\/\/www.schmitt-physio.de\/index.php\/wp-json\/wp\/v2\/users\/1"}],"replies":[{"embeddable":true,"href":"https:\/\/www.schmitt-physio.de\/index.php\/wp-json\/wp\/v2\/comments?post=36"}],"version-history":[{"count":64,"href":"https:\/\/www.schmitt-physio.de\/index.php\/wp-json\/wp\/v2\/pages\/36\/revisions"}],"predecessor-version":[{"id":146,"href":"https:\/\/www.schmitt-physio.de\/index.php\/wp-json\/wp\/v2\/pages\/36\/revisions\/146"}],"wp:attachment":[{"href":"https:\/\/www.schmitt-physio.de\/index.php\/wp-json\/wp\/v2\/media?parent=36"}],"curies":[{"name":"wp","href":"https:\/\/api.w.org\/{rel}","templated":true}]}}